{"id":16284,"date":"2024-01-11T08:10:24","date_gmt":"2024-01-11T08:10:24","guid":{"rendered":"https:\/\/global.sentec.com\/alina-godert\/"},"modified":"2024-01-16T09:57:23","modified_gmt":"2024-01-16T09:57:23","slug":"alina-goedert","status":"publish","type":"page","link":"https:\/\/global.sentec.com\/de\/alina-goedert\/","title":{"rendered":"Alina G\u00f6dert"},"content":{"rendered":"<p><div class=\"fusion-fullwidth fullwidth-box fusion-builder-row-1 fusion-flex-container nonhundred-percent-fullwidth non-hundred-percent-height-scrolling\" style=\"--awb-border-radius-top-left:0px;--awb-border-radius-top-right:0px;--awb-border-radius-bottom-right:0px;--awb-border-radius-bottom-left:0px;--awb-padding-top:100px;--awb-padding-bottom:80px;--awb-background-color:#f0f0f0;--awb-flex-wrap:wrap;\" ><div class=\"fusion-builder-row fusion-row fusion-flex-align-items-stretch fusion-flex-content-wrap\" style=\"max-width:1487.2px;margin-left: calc(-4% \/ 2 );margin-right: calc(-4% \/ 2 );\"><div class=\"fusion-layout-column fusion_builder_column fusion-builder-column-0 fusion_builder_column_1_6 1_6 fusion-flex-column\" style=\"--awb-bg-size:cover;--awb-width-large:16.6666666667%;--awb-margin-top-large:0px;--awb-spacing-right-large:11.52%;--awb-margin-bottom-large:20px;--awb-spacing-left-large:11.52%;--awb-width-medium:33.3333333333%;--awb-order-medium:0;--awb-spacing-right-medium:5.76%;--awb-spacing-left-medium:5.76%;--awb-width-small:33.3333333333%;--awb-order-small:0;--awb-spacing-right-small:5.76%;--awb-spacing-left-small:5.76%;\"><div class=\"fusion-column-wrapper fusion-column-has-shadow fusion-flex-justify-content-center fusion-content-layout-column\"><div class=\"fusion-image-element \" style=\"text-align:right;--awb-max-width:500px;--awb-caption-title-font-family:var(--h2_typography-font-family);--awb-caption-title-font-weight:var(--h2_typography-font-weight);--awb-caption-title-font-style:var(--h2_typography-font-style);--awb-caption-title-size:var(--h2_typography-font-size);--awb-caption-title-transform:var(--h2_typography-text-transform);--awb-caption-title-line-height:var(--h2_typography-line-height);--awb-caption-title-letter-spacing:var(--h2_typography-letter-spacing);\"><span class=\" fusion-imageframe imageframe-none imageframe-1 hover-type-none\" style=\"border-radius:50%;\"><img decoding=\"async\" width=\"2083\" height=\"2083\" title=\"Alina Headshot\" src=\"http:\/\/global.sentec.com\/fileadmin\/sites\/2\/2023\/05\/Alina-Headshot.png\" alt class=\"img-responsive wp-image-8195\" srcset=\"https:\/\/global.sentec.com\/fileadmin\/sites\/2\/2023\/05\/Alina-Headshot-200x200.png 200w, https:\/\/global.sentec.com\/fileadmin\/sites\/2\/2023\/05\/Alina-Headshot-400x400.png 400w, https:\/\/global.sentec.com\/fileadmin\/sites\/2\/2023\/05\/Alina-Headshot-600x600.png 600w, https:\/\/global.sentec.com\/fileadmin\/sites\/2\/2023\/05\/Alina-Headshot-800x800.png 800w, https:\/\/global.sentec.com\/fileadmin\/sites\/2\/2023\/05\/Alina-Headshot-1200x1200.png 1200w, https:\/\/global.sentec.com\/fileadmin\/sites\/2\/2023\/05\/Alina-Headshot.png 2083w\" sizes=\"(max-width: 640px) 100vw, 200px\" \/><\/span><\/div><\/div><\/div><div class=\"fusion-layout-column fusion_builder_column fusion-builder-column-1 fusion_builder_column_1_3 1_3 fusion-flex-column\" style=\"--awb-padding-top:10px;--awb-padding-left:60px;--awb-bg-size:cover;--awb-border-color:#ff6600;--awb-border-left:8px;--awb-border-style:solid;--awb-width-large:33.3333333333%;--awb-margin-top-large:0px;--awb-spacing-right-large:5.76%;--awb-margin-bottom-large:20px;--awb-spacing-left-large:5.76%;--awb-width-medium:66.6666666667%;--awb-order-medium:0;--awb-spacing-right-medium:2.88%;--awb-spacing-left-medium:2.88%;--awb-width-small:66.6666666667%;--awb-order-small:0;--awb-spacing-right-small:2.88%;--awb-spacing-left-small:2.88%;\"><div class=\"fusion-column-wrapper fusion-column-has-shadow fusion-flex-justify-content-center fusion-content-layout-column\"><div class=\"fusion-title title fusion-title-1 fusion-sep-none fusion-title-text fusion-title-size-one\"><h1 class=\"fusion-title-heading title-heading-left fusion-responsive-typography-calculated\" style=\"margin:0;--fontSize:43;line-height:1.2;\">Alina G\u00f6dert<\/h1><\/div><div class=\"fusion-title title fusion-title-2 fusion-sep-none fusion-title-text fusion-title-size-six\" style=\"--awb-text-color:#ff6600;--awb-margin-bottom:20px;\"><h6 class=\"fusion-title-heading title-heading-left fusion-responsive-typography-calculated\" style=\"margin:0;--fontSize:16;--minFontSize:16;line-height:1.4;\">Clinical Education Specialist<\/h6><\/div><div ><a class=\"fusion-button button-flat fusion-button-default-size button-custom fusion-button-default button-1 fusion-button-default-span fusion-button-default-type fusion-has-button-gradient no-left-padding\" style=\"--button_accent_color:#4a4a57;--button_border_color:rgba(255,255,255,0);--button_accent_hover_color:#ff6600;--button_border_hover_color:rgba(255,255,255,0);--button_gradient_top_color:rgba(255,102,0,0);--button_gradient_bottom_color:rgba(255,102,0,0);--button_gradient_top_color_hover:rgba(235,82,0,0);--button_gradient_bottom_color_hover:rgba(255,102,0,0);--button_margin-left:0px;\" target=\"_self\" href=\"https:\/\/www.linkedin.com\/in\/alina-g%C3%B6dert-118182212\/\"><i class=\"fa-linkedin fab awb-button__icon awb-button__icon--default button-icon-left\" aria-hidden=\"true\"><\/i><span class=\"fusion-button-text awb-button__text awb-button__text--default\">LinkedIn<\/span><\/a><\/div><\/div><\/div><div class=\"fusion-layout-column fusion_builder_column fusion-builder-column-2 fusion_builder_column_1_2 1_2 fusion-flex-column\" style=\"--awb-bg-size:cover;--awb-width-large:50%;--awb-margin-top-large:0px;--awb-spacing-right-large:3.84%;--awb-margin-bottom-large:20px;--awb-spacing-left-large:3.84%;--awb-width-medium:50%;--awb-order-medium:0;--awb-spacing-right-medium:3.84%;--awb-spacing-left-medium:3.84%;--awb-width-small:100%;--awb-order-small:0;--awb-spacing-right-small:1.92%;--awb-spacing-left-small:1.92%;\"><div class=\"fusion-column-wrapper fusion-column-has-shadow fusion-flex-justify-content-flex-start fusion-content-layout-column\"><\/div><\/div><\/div><\/div><div class=\"fusion-fullwidth fullwidth-box fusion-builder-row-2 fusion-flex-container nonhundred-percent-fullwidth non-hundred-percent-height-scrolling\" style=\"--awb-border-radius-top-left:0px;--awb-border-radius-top-right:0px;--awb-border-radius-bottom-right:0px;--awb-border-radius-bottom-left:0px;--awb-padding-top:90px;--awb-padding-top-small:60px;--awb-flex-wrap:wrap;\" ><div class=\"fusion-builder-row fusion-row fusion-flex-align-items-flex-start fusion-flex-content-wrap\" style=\"max-width:1487.2px;margin-left: calc(-4% \/ 2 );margin-right: calc(-4% \/ 2 );\"><div class=\"fusion-layout-column fusion_builder_column fusion-builder-column-3 fusion_builder_column_1_2 1_2 fusion-flex-column\" style=\"--awb-bg-size:cover;--awb-width-large:50%;--awb-margin-top-large:0px;--awb-spacing-right-large:3.84%;--awb-margin-bottom-large:20px;--awb-spacing-left-large:3.84%;--awb-width-medium:50%;--awb-order-medium:0;--awb-spacing-right-medium:3.84%;--awb-spacing-left-medium:3.84%;--awb-width-small:100%;--awb-order-small:0;--awb-spacing-right-small:1.92%;--awb-spacing-left-small:1.92%;\"><div class=\"fusion-column-wrapper fusion-column-has-shadow fusion-flex-justify-content-flex-start fusion-content-layout-column\"><div class=\"fusion-text fusion-text-1\"><p>Alina ist Clinical Education Specialist bei Sentec und hat fast ein Jahrzehnt Erfahrung im medizinischen Bereich. Nach ihrem Examen als Gesundheits- und Krankenpflegerin hat sie mehrere Jahre auf der Erwachsenen Intensivstation gearbeitet, bevor Sie in die Medizintechnik gewechselt ist.<\/p>\n<p>Alina ist Mitglied der Pflegekammer Nordrhein-Westfalen.<\/p>\n<p>Ihr Fachwissen \u00fcber die \u00dcberwachung von Patienten teilt sie engagiert mit jeglichem am Krankenbett t\u00e4tigen Fachpersonal aus verschiedenen Bereichen des Krankenhauses und steht ihnen gerne zur Seite, um die Bed\u00fcrfnisse ihrer anspruchsvollsten Patienten zu erf\u00fcllen. Alina zeigt eine leidenschaftliche Zusammenarbeit mit der Pflege, NeonatologInnen, SchlafmedizinerInnen, AtemtherapeutInnen und anderen Abteilungen, die fortlaufende, nicht-invasive L\u00f6sungen zur transkutanen CO<sub>2<\/sub>-\u00dcberwachung suchen.<\/p>\n<p>In ihrer Freizeit geniesst Alina Ihre Zeit beim Wasser- oder Bergsport auf Reisen, mit einem gutem Buch oder in guter Gesellschaft mit Freunden.<\/p>\n<p>Als zertifizierter Integrative Nutrition Health Coach rundet sie ihr Profil mit einem ganzheitlichen Ansatz f\u00fcr das Wohlbefinden ab.<\/p>\n<\/div><\/div><\/div><div class=\"fusion-layout-column fusion_builder_column fusion-builder-column-4 fusion_builder_column_1_2 1_2 fusion-flex-column\" style=\"--awb-padding-top:20px;--awb-padding-right:40px;--awb-padding-bottom:10px;--awb-padding-left:40px;--awb-overflow:hidden;--awb-bg-color:#ffffff;--awb-bg-color-hover:#ffffff;--awb-bg-size:cover;--awb-box-shadow:0px 20px 30px -16px rgba(74,74,87,0.2);;--awb-border-radius:6px 6px 6px 6px;--awb-width-large:50%;--awb-margin-top-large:-150px;--awb-spacing-right-large:3.84%;--awb-margin-bottom-large:20px;--awb-spacing-left-large:3.84%;--awb-width-medium:50%;--awb-order-medium:0;--awb-margin-top-medium:0px;--awb-spacing-right-medium:3.84%;--awb-spacing-left-medium:3.84%;--awb-width-small:100%;--awb-order-small:0;--awb-spacing-right-small:1.92%;--awb-spacing-left-small:1.92%;\"><div class=\"fusion-column-wrapper fusion-column-has-shadow fusion-flex-justify-content-flex-start fusion-content-layout-column\"><div class=\"fusion-title title fusion-title-3 fusion-sep-none fusion-title-center fusion-title-text fusion-title-size-six\" style=\"--awb-margin-bottom:15px;\"><h6 class=\"fusion-title-heading title-heading-center fusion-responsive-typography-calculated\" style=\"margin:0;--fontSize:16;--minFontSize:16;line-height:1.4;\"><p style=\"text-align: center;\">Webinare<\/p><\/h6><\/div><div class=\"fusion-separator\" style=\"align-self: center;margin-left: auto;margin-right: auto;margin-bottom:30px;width:100%;max-width:80%;\"><div class=\"fusion-separator-border sep-single sep-solid\" style=\"--awb-height:20px;--awb-amount:20px;--awb-sep-color:#d1d1d1;border-color:#d1d1d1;border-top-width:1px;\"><\/div><\/div><div class=\"fusion-title title fusion-title-4 fusion-sep-none fusion-title-text fusion-title-size-three\" style=\"--awb-text-color:#ff6600;--awb-margin-bottom:0px;--awb-link-color:#ff6600;--awb-link-hover-color:#7d7573;\"><h3 class=\"fusion-title-heading title-heading-left fusion-responsive-typography-calculated\" style=\"margin:0;--fontSize:24;line-height:1.2;\"><a class=\"awb-custom-text-color awb-custom-text-hover-color\" target=\"_self\"><a href=\"https:\/\/global.sentec.com\/de\/tipps-zur-optimalen-pflege-ihres-transkutanen-monitors-von-sentec-webinar\/\">Tipps zur optimalen Pflege Ihres transkutanen Monitors von Sentec<\/a><\/a><\/h3><\/div><div class=\"fusion-text fusion-text-2\"><p>Erfahren Sie, wie Sie Ihren Sentec Digital Monitor (SDM) und dessen Sensoren in einwandfreiem Zustand halten, die Betriebsbereitschaft des Ger\u00e4ts sicherstellen und somit die Lebensdauer maximieren und dauerhaft genaue Messergebnisse sicherstellen k\u00f6nnen.<\/p>\n<\/div><div class=\"fusion-title title fusion-title-5 fusion-sep-none fusion-title-text fusion-title-size-three\" style=\"--awb-text-color:#ff6600;--awb-margin-bottom:0px;--awb-link-color:#ff6600;--awb-link-hover-color:#7d7573;\"><h3 class=\"fusion-title-heading title-heading-left fusion-responsive-typography-calculated\" style=\"margin:0;--fontSize:24;line-height:1.2;\"><a class=\"awb-custom-text-color awb-custom-text-hover-color\" target=\"_self\"><a href=\"https:\/\/global.sentec.com\/de\/co2-ueberwachung-in-der-schlafmedizin-notwendigkeit-methoden-grenzen-und-vorteile\/\">CO2-\u00dcberwachung in der Schlafmedizin: Notwendigkeit, Methoden, Grenzen und Vorteile<\/a><\/a><\/h3><\/div><div class=\"fusion-text fusion-text-3\"><p>In unserem Webinar erl\u00e4utern wir, wie Atemwegserkrankungen den Atmungs- und Perfusionsstatus von Patienten im Schlaflabor beeinflussen, und welche Faktoren Einfluss auf die Informationen \u00fcber den Beatmungsstatus eines Patienten nehmen k\u00f6nnen \u2013 je nach CO2-Messmethode.<\/p>\n<\/div><div class=\"fusion-title title fusion-title-6 fusion-sep-none fusion-title-text fusion-title-size-three\" style=\"--awb-text-color:#ff6600;--awb-margin-bottom:0px;--awb-link-color:#ff6600;--awb-link-hover-color:#7d7573;\"><h3 class=\"fusion-title-heading title-heading-left fusion-responsive-typography-calculated\" style=\"margin:0;--fontSize:24;line-height:1.2;\"><a class=\"awb-custom-text-color awb-custom-text-hover-color\" target=\"_self\"><a href=\"https:\/\/global.sentec.com\/de\/transkutanes-monitoring-zum-schutz-von-gehirn-und-lunge-bei-fruehgeborenen\/\">Transkutanes Monitoring zum Schutz von Gehirn und Lunge bei Fr\u00fchgeborenen<\/a><\/a><\/h3><\/div><div class=\"fusion-text fusion-text-4\"><p>Ist Ihnen der Stellenwert der transkutanen \u00dcberwachung zum Schutz von Gehirn und Lunge bei Fr\u00fchgeborenen bewusst?<\/p>\n<p>Lernen Sie mehr \u00fcber Die Bedeutung der CO2-Werte f\u00fcr den Schutz von Gehirn und Lunge bei Fr\u00fchgeborenen auf der neonatologischen Intensivstation, sowie Blutentnahmen bei Fr\u00fchgeborenen und deren gesundheitliche Risiken.<\/p>\n<\/div><\/div><\/div><\/div><\/div><\/p>\n","protected":false},"excerpt":{"rendered":"","protected":false},"author":37,"featured_media":0,"parent":0,"menu_order":0,"comment_status":"closed","ping_status":"closed","template":"100-width.php","meta":{"_acf_changed":false,"content-type":"","inline_featured_image":false,"footnotes":"","_links_to":"","_links_to_target":""},"class_list":["post-16284","page","type-page","status-publish","hentry"],"yoast_head":"<!-- This site is optimized with the Yoast SEO Premium plugin v27.0 (Yoast SEO v27.0) - https:\/\/yoast.com\/product\/yoast-seo-premium-wordpress\/ -->\n<title>Alina G\u00f6dert | Sentec Global<\/title>\n<meta name=\"robots\" content=\"index, follow, max-snippet:-1, max-image-preview:large, max-video-preview:-1\" \/>\n<link rel=\"canonical\" href=\"https:\/\/global.sentec.com\/de\/alina-goedert\/\" \/>\n<meta property=\"og:locale\" content=\"de_DE\" \/>\n<meta property=\"og:type\" content=\"article\" \/>\n<meta property=\"og:title\" content=\"Alina G\u00f6dert\" \/>\n<meta property=\"og:url\" content=\"https:\/\/global.sentec.com\/de\/alina-goedert\/\" \/>\n<meta property=\"og:site_name\" content=\"Sentec Global\" \/>\n<meta property=\"article:modified_time\" content=\"2024-01-16T09:57:23+00:00\" \/>\n<meta property=\"og:image\" content=\"https:\/\/global.sentec.com\/fileadmin\/sites\/2\/2022\/08\/sentec-logo-final.png\" \/>\n\t<meta property=\"og:image:width\" content=\"1300\" \/>\n\t<meta property=\"og:image:height\" content=\"303\" \/>\n\t<meta property=\"og:image:type\" content=\"image\/png\" \/>\n<meta name=\"twitter:card\" content=\"summary_large_image\" \/>\n<meta name=\"twitter:label1\" content=\"Gesch\u00e4tzte Lesezeit\" \/>\n\t<meta name=\"twitter:data1\" content=\"2 Minuten\" \/>\n<script type=\"application\/ld+json\" class=\"yoast-schema-graph\">{\"@context\":\"https:\/\/schema.org\",\"@graph\":[{\"@type\":\"WebPage\",\"@id\":\"https:\/\/global.sentec.com\/de\/alina-goedert\/\",\"url\":\"https:\/\/global.sentec.com\/de\/alina-goedert\/\",\"name\":\"Alina G\u00f6dert | Sentec Global\",\"isPartOf\":{\"@id\":\"https:\/\/global.sentec.com\/de\/#website\"},\"datePublished\":\"2024-01-11T08:10:24+00:00\",\"dateModified\":\"2024-01-16T09:57:23+00:00\",\"breadcrumb\":{\"@id\":\"https:\/\/global.sentec.com\/de\/alina-goedert\/#breadcrumb\"},\"inLanguage\":\"de-DE\",\"potentialAction\":[{\"@type\":\"ReadAction\",\"target\":[\"https:\/\/global.sentec.com\/de\/alina-goedert\/\"]}]},{\"@type\":\"BreadcrumbList\",\"@id\":\"https:\/\/global.sentec.com\/de\/alina-goedert\/#breadcrumb\",\"itemListElement\":[{\"@type\":\"ListItem\",\"position\":1,\"name\":\"Home\",\"item\":\"https:\/\/global.sentec.com\/de\/\"},{\"@type\":\"ListItem\",\"position\":2,\"name\":\"Alina G\u00f6dert\"}]},{\"@type\":\"WebSite\",\"@id\":\"https:\/\/global.sentec.com\/de\/#website\",\"url\":\"https:\/\/global.sentec.com\/de\/\",\"name\":\"Sentec Global\",\"description\":\"Non-Invasive Respiratory Monitoring\",\"publisher\":{\"@id\":\"https:\/\/global.sentec.com\/de\/#organization\"},\"potentialAction\":[{\"@type\":\"SearchAction\",\"target\":{\"@type\":\"EntryPoint\",\"urlTemplate\":\"https:\/\/global.sentec.com\/de\/?s={search_term_string}\"},\"query-input\":{\"@type\":\"PropertyValueSpecification\",\"valueRequired\":true,\"valueName\":\"search_term_string\"}}],\"inLanguage\":\"de-DE\"},{\"@type\":\"Organization\",\"@id\":\"https:\/\/global.sentec.com\/de\/#organization\",\"name\":\"Sentec\",\"url\":\"https:\/\/global.sentec.com\/de\/\",\"logo\":{\"@type\":\"ImageObject\",\"inLanguage\":\"de-DE\",\"@id\":\"https:\/\/global.sentec.com\/de\/#\/schema\/logo\/image\/\",\"url\":\"https:\/\/global.sentec.com\/fileadmin\/sites\/2\/2022\/08\/sentec-logo-final-2.png\",\"contentUrl\":\"https:\/\/global.sentec.com\/fileadmin\/sites\/2\/2022\/08\/sentec-logo-final-2.png\",\"width\":1185,\"height\":257,\"caption\":\"Sentec\"},\"image\":{\"@id\":\"https:\/\/global.sentec.com\/de\/#\/schema\/logo\/image\/\"}}]}<\/script>\n<!-- \/ Yoast SEO Premium plugin. -->","yoast_head_json":{"title":"Alina G\u00f6dert | Sentec Global","robots":{"index":"index","follow":"follow","max-snippet":"max-snippet:-1","max-image-preview":"max-image-preview:large","max-video-preview":"max-video-preview:-1"},"canonical":"https:\/\/global.sentec.com\/de\/alina-goedert\/","og_locale":"de_DE","og_type":"article","og_title":"Alina G\u00f6dert","og_url":"https:\/\/global.sentec.com\/de\/alina-goedert\/","og_site_name":"Sentec Global","article_modified_time":"2024-01-16T09:57:23+00:00","og_image":[{"width":1300,"height":303,"url":"https:\/\/global.sentec.com\/fileadmin\/sites\/2\/2022\/08\/sentec-logo-final.png","type":"image\/png"}],"twitter_card":"summary_large_image","twitter_misc":{"Gesch\u00e4tzte Lesezeit":"2 Minuten"},"schema":{"@context":"https:\/\/schema.org","@graph":[{"@type":"WebPage","@id":"https:\/\/global.sentec.com\/de\/alina-goedert\/","url":"https:\/\/global.sentec.com\/de\/alina-goedert\/","name":"Alina G\u00f6dert | Sentec Global","isPartOf":{"@id":"https:\/\/global.sentec.com\/de\/#website"},"datePublished":"2024-01-11T08:10:24+00:00","dateModified":"2024-01-16T09:57:23+00:00","breadcrumb":{"@id":"https:\/\/global.sentec.com\/de\/alina-goedert\/#breadcrumb"},"inLanguage":"de-DE","potentialAction":[{"@type":"ReadAction","target":["https:\/\/global.sentec.com\/de\/alina-goedert\/"]}]},{"@type":"BreadcrumbList","@id":"https:\/\/global.sentec.com\/de\/alina-goedert\/#breadcrumb","itemListElement":[{"@type":"ListItem","position":1,"name":"Home","item":"https:\/\/global.sentec.com\/de\/"},{"@type":"ListItem","position":2,"name":"Alina G\u00f6dert"}]},{"@type":"WebSite","@id":"https:\/\/global.sentec.com\/de\/#website","url":"https:\/\/global.sentec.com\/de\/","name":"Sentec Global","description":"Non-Invasive Respiratory Monitoring","publisher":{"@id":"https:\/\/global.sentec.com\/de\/#organization"},"potentialAction":[{"@type":"SearchAction","target":{"@type":"EntryPoint","urlTemplate":"https:\/\/global.sentec.com\/de\/?s={search_term_string}"},"query-input":{"@type":"PropertyValueSpecification","valueRequired":true,"valueName":"search_term_string"}}],"inLanguage":"de-DE"},{"@type":"Organization","@id":"https:\/\/global.sentec.com\/de\/#organization","name":"Sentec","url":"https:\/\/global.sentec.com\/de\/","logo":{"@type":"ImageObject","inLanguage":"de-DE","@id":"https:\/\/global.sentec.com\/de\/#\/schema\/logo\/image\/","url":"https:\/\/global.sentec.com\/fileadmin\/sites\/2\/2022\/08\/sentec-logo-final-2.png","contentUrl":"https:\/\/global.sentec.com\/fileadmin\/sites\/2\/2022\/08\/sentec-logo-final-2.png","width":1185,"height":257,"caption":"Sentec"},"image":{"@id":"https:\/\/global.sentec.com\/de\/#\/schema\/logo\/image\/"}}]}},"acf":[],"_links":{"self":[{"href":"https:\/\/global.sentec.com\/de\/wp-json\/wp\/v2\/pages\/16284","targetHints":{"allow":["GET"]}}],"collection":[{"href":"https:\/\/global.sentec.com\/de\/wp-json\/wp\/v2\/pages"}],"about":[{"href":"https:\/\/global.sentec.com\/de\/wp-json\/wp\/v2\/types\/page"}],"author":[{"embeddable":true,"href":"https:\/\/global.sentec.com\/de\/wp-json\/wp\/v2\/users\/37"}],"replies":[{"embeddable":true,"href":"https:\/\/global.sentec.com\/de\/wp-json\/wp\/v2\/comments?post=16284"}],"version-history":[{"count":0,"href":"https:\/\/global.sentec.com\/de\/wp-json\/wp\/v2\/pages\/16284\/revisions"}],"wp:attachment":[{"href":"https:\/\/global.sentec.com\/de\/wp-json\/wp\/v2\/media?parent=16284"}],"curies":[{"name":"wp","href":"https:\/\/api.w.org\/{rel}","templated":true}]}}